{"id":735,"date":"2021-03-01T10:04:07","date_gmt":"2021-03-01T09:04:07","guid":{"rendered":"https:\/\/zindel-partner.de\/new\/?page_id=735"},"modified":"2021-03-01T10:05:46","modified_gmt":"2021-03-01T09:05:46","slug":"legal-notice","status":"publish","type":"page","link":"https:\/\/zindel-partner.de\/en\/legal-notice\/","title":{"rendered":"Legal Notice"},"content":{"rendered":"<h2>Responsible for the content of this website<\/h2>\n<p><strong>Zindel + Partner\u00a0<\/strong><strong><br \/>\n<\/strong>Jo Zindel<br \/>\nAm Fruchtkasten 3<br \/>\n70173 Stuttgart<\/p>\n<p>T +49 711 96431-0<br \/>\n<a href=\"mailto:planung@zindel-partner.de\">planung@zindel-partner.de<\/a><\/p>\n<p>&nbsp;<\/p>\n<p><strong>LEGAL INFOS<\/strong><\/p>\n<p>Gesellschaft b\u00fcrgerlichen Rechts (GbR)<br \/>\nGesch\u00e4ftsf\u00fchrender Gesellschafter:<br \/>\nJoachim Zindel<br \/>\nUst-IdNr. DE 145275425<br \/>\nSitz der Gesellschaft: Stuttgart<\/p>\n<p>Dipl.-Ing. Joachim Zindel<br \/>\nBeratender Ingenieur<br \/>\nMitglied der Ingenieurskammer Baden-W\u00fcrttemberg<br \/>\nMitgl. Nr. 1236 \/ PV Nr. 1047<\/p>\n<p>&nbsp;<\/p>\n<p><strong>WEBDESIGN<\/strong><\/p>\n<p>Zindel + Partner in cooperation with <a href=\"https:\/\/www.designhausx.de\"> Designhaus X GmbH <\/a><\/p>\n<p>&nbsp;<\/p>\n<p><strong>DISCLAIMER<\/strong><\/p>\n<p>Despite careful content control, we assume no liability for the content of external links. The operators of the linked pages are solely responsible for their content.<\/p>\n<p>&nbsp;<\/p>\n<p><strong>COPYRIGHT<\/strong><\/p>\n<p>The copyright lies with Zindel + Partner. All text contributions and images on the website are subject to copyright and are protected by copyright as a collection of data. Any use requires the written consent of Zindel + Partner.<\/p>\n","protected":false},"excerpt":{"rendered":"<p>Responsible for the content of this website Zindel + Partner\u00a0 Jo Zindel Am Fruchtkasten 3 70173 Stuttgart T +49 711 96431-0 planung@zindel-partner.de &nbsp; LEGAL INFOS Gesellschaft b\u00fcrgerlichen Rechts (GbR) Gesch\u00e4ftsf\u00fchrender Gesellschafter: Joachim Zindel Ust-IdNr. DE 145275425 Sitz der Gesellschaft: Stuttgart Dipl.-Ing. Joachim Zindel Beratender Ingenieur Mitglied der Ingenieurskammer Baden-W\u00fcrttemberg Mitgl. Nr. 1236 \/ PV Nr. [&hellip;]<\/p>\n","protected":false},"author":1,"featured_media":0,"parent":0,"menu_order":0,"comment_status":"closed","ping_status":"closed","template":"page-plain.php","meta":{"_acf_changed":false,"footnotes":""},"class_list":["post-735","page","type-page","status-publish","hentry"],"acf":[],"yoast_head":"<!-- This site is optimized with the Yoast SEO plugin v22.8 - https:\/\/yoast.com\/wordpress\/plugins\/seo\/ -->\n<title>Legal Notice - Zindel + Partner<\/title>\n<meta name=\"robots\" content=\"index, follow, max-snippet:-1, max-image-preview:large, max-video-preview:-1\" \/>\n<link rel=\"canonical\" href=\"https:\/\/zindel-partner.de\/impressum\/\" \/>\n<meta property=\"og:locale\" content=\"en_US\" \/>\n<meta property=\"og:type\" content=\"article\" \/>\n<meta property=\"og:title\" content=\"Legal Notice - Zindel + Partner\" \/>\n<meta property=\"og:description\" content=\"Responsible for the content of this website Zindel + Partner\u00a0 Jo Zindel Am Fruchtkasten 3 70173 Stuttgart T +49 711 96431-0 planung@zindel-partner.de &nbsp; LEGAL INFOS Gesellschaft b\u00fcrgerlichen Rechts (GbR) Gesch\u00e4ftsf\u00fchrender Gesellschafter: Joachim Zindel Ust-IdNr. DE 145275425 Sitz der Gesellschaft: Stuttgart Dipl.-Ing. Joachim Zindel Beratender Ingenieur Mitglied der Ingenieurskammer Baden-W\u00fcrttemberg Mitgl. Nr. 1236 \/ PV Nr. [&hellip;]\" \/>\n<meta property=\"og:url\" content=\"https:\/\/zindel-partner.de\/impressum\/\" \/>\n<meta property=\"og:site_name\" content=\"Zindel + Partner\" \/>\n<meta property=\"article:modified_time\" content=\"2021-03-01T09:05:46+00:00\" \/>\n<meta name=\"twitter:card\" content=\"summary_large_image\" \/>\n<meta name=\"twitter:label1\" content=\"Est. reading time\" \/>\n\t<meta name=\"twitter:data1\" content=\"1 minute\" \/>\n<script type=\"application\/ld+json\" class=\"yoast-schema-graph\">{\"@context\":\"https:\/\/schema.org\",\"@graph\":[{\"@type\":\"WebPage\",\"@id\":\"https:\/\/zindel-partner.de\/impressum\/\",\"url\":\"https:\/\/zindel-partner.de\/impressum\/\",\"name\":\"Legal Notice - Zindel + Partner\",\"isPartOf\":{\"@id\":\"https:\/\/zindel-partner.de\/#website\"},\"datePublished\":\"2021-03-01T09:04:07+00:00\",\"dateModified\":\"2021-03-01T09:05:46+00:00\",\"breadcrumb\":{\"@id\":\"https:\/\/zindel-partner.de\/impressum\/#breadcrumb\"},\"inLanguage\":\"en-US\",\"potentialAction\":[{\"@type\":\"ReadAction\",\"target\":[\"https:\/\/zindel-partner.de\/impressum\/\"]}]},{\"@type\":\"BreadcrumbList\",\"@id\":\"https:\/\/zindel-partner.de\/impressum\/#breadcrumb\",\"itemListElement\":[{\"@type\":\"ListItem\",\"position\":1,\"name\":\"Startseite\",\"item\":\"https:\/\/zindel-partner.de\/en\/\"},{\"@type\":\"ListItem\",\"position\":2,\"name\":\"Legal Notice\"}]},{\"@type\":\"WebSite\",\"@id\":\"https:\/\/zindel-partner.de\/#website\",\"url\":\"https:\/\/zindel-partner.de\/\",\"name\":\"Zindel + Partner\",\"description\":\"\",\"potentialAction\":[{\"@type\":\"SearchAction\",\"target\":{\"@type\":\"EntryPoint\",\"urlTemplate\":\"https:\/\/zindel-partner.de\/?s={search_term_string}\"},\"query-input\":\"required name=search_term_string\"}],\"inLanguage\":\"en-US\"}]}<\/script>\n<!-- \/ Yoast SEO plugin. -->","yoast_head_json":{"title":"Legal Notice - Zindel + Partner","robots":{"index":"index","follow":"follow","max-snippet":"max-snippet:-1","max-image-preview":"max-image-preview:large","max-video-preview":"max-video-preview:-1"},"canonical":"https:\/\/zindel-partner.de\/impressum\/","og_locale":"en_US","og_type":"article","og_title":"Legal Notice - Zindel + Partner","og_description":"Responsible for the content of this website Zindel + Partner\u00a0 Jo Zindel Am Fruchtkasten 3 70173 Stuttgart T +49 711 96431-0 planung@zindel-partner.de &nbsp; LEGAL INFOS Gesellschaft b\u00fcrgerlichen Rechts (GbR) Gesch\u00e4ftsf\u00fchrender Gesellschafter: Joachim Zindel Ust-IdNr. DE 145275425 Sitz der Gesellschaft: Stuttgart Dipl.-Ing. Joachim Zindel Beratender Ingenieur Mitglied der Ingenieurskammer Baden-W\u00fcrttemberg Mitgl. Nr. 1236 \/ PV Nr. [&hellip;]","og_url":"https:\/\/zindel-partner.de\/impressum\/","og_site_name":"Zindel + Partner","article_modified_time":"2021-03-01T09:05:46+00:00","twitter_card":"summary_large_image","twitter_misc":{"Est. reading time":"1 minute"},"schema":{"@context":"https:\/\/schema.org","@graph":[{"@type":"WebPage","@id":"https:\/\/zindel-partner.de\/impressum\/","url":"https:\/\/zindel-partner.de\/impressum\/","name":"Legal Notice - Zindel + Partner","isPartOf":{"@id":"https:\/\/zindel-partner.de\/#website"},"datePublished":"2021-03-01T09:04:07+00:00","dateModified":"2021-03-01T09:05:46+00:00","breadcrumb":{"@id":"https:\/\/zindel-partner.de\/impressum\/#breadcrumb"},"inLanguage":"en-US","potentialAction":[{"@type":"ReadAction","target":["https:\/\/zindel-partner.de\/impressum\/"]}]},{"@type":"BreadcrumbList","@id":"https:\/\/zindel-partner.de\/impressum\/#breadcrumb","itemListElement":[{"@type":"ListItem","position":1,"name":"Startseite","item":"https:\/\/zindel-partner.de\/en\/"},{"@type":"ListItem","position":2,"name":"Legal Notice"}]},{"@type":"WebSite","@id":"https:\/\/zindel-partner.de\/#website","url":"https:\/\/zindel-partner.de\/","name":"Zindel + Partner","description":"","potentialAction":[{"@type":"SearchAction","target":{"@type":"EntryPoint","urlTemplate":"https:\/\/zindel-partner.de\/?s={search_term_string}"},"query-input":"required name=search_term_string"}],"inLanguage":"en-US"}]}},"_links":{"self":[{"href":"https:\/\/zindel-partner.de\/en\/wp-json\/wp\/v2\/pages\/735","targetHints":{"allow":["GET"]}}],"collection":[{"href":"https:\/\/zindel-partner.de\/en\/wp-json\/wp\/v2\/pages"}],"about":[{"href":"https:\/\/zindel-partner.de\/en\/wp-json\/wp\/v2\/types\/page"}],"author":[{"embeddable":true,"href":"https:\/\/zindel-partner.de\/en\/wp-json\/wp\/v2\/users\/1"}],"replies":[{"embeddable":true,"href":"https:\/\/zindel-partner.de\/en\/wp-json\/wp\/v2\/comments?post=735"}],"version-history":[{"count":3,"href":"https:\/\/zindel-partner.de\/en\/wp-json\/wp\/v2\/pages\/735\/revisions"}],"predecessor-version":[{"id":738,"href":"https:\/\/zindel-partner.de\/en\/wp-json\/wp\/v2\/pages\/735\/revisions\/738"}],"wp:attachment":[{"href":"https:\/\/zindel-partner.de\/en\/wp-json\/wp\/v2\/media?parent=735"}],"curies":[{"name":"wp","href":"https:\/\/api.w.org\/{rel}","templated":true}]}}